{"id":4533,"date":"2014-08-07T14:34:29","date_gmt":"2014-08-07T12:34:29","guid":{"rendered":"http:\/\/www.ekinsa.com\/?page_id=4533"},"modified":"2014-12-04T17:37:11","modified_gmt":"2014-12-04T16:37:11","slug":"technology-systems","status":"publish","type":"page","link":"http:\/\/www.ekinsa.com\/en\/business-areas\/technology-systems\/","title":{"rendered":"Technology systems"},"content":{"rendered":"<p>[vc_row][vc_column width=&#8221;1\/3&#8243;][vc_column_text css_animation=&#8221;left-to-right&#8221; el_class=&#8221;servicios-destacado&#8221;]Ekinsa offers the cutting-edge technological service and equipment that best adapts to your needs.[\/vc_column_text][vc_gallery type=&#8221;image_grid&#8221; interval=&#8221;3&#8243; images=&#8221;3857,3849,3860,3858&#8243; onclick=&#8221;link_image&#8221; custom_links_target=&#8221;_self&#8221;][\/vc_column][vc_column width=&#8221;2\/3&#8243;][vc_column_text css_animation=&#8221;right-to-left&#8221;]We also specialise in:<\/p>\n<ul>\n<li>Security PA systems<\/li>\n<li>Conference rooms<\/li>\n<li>Assembly halls<\/li>\n<li>Projection rooms<\/li>\n<\/ul>\n<p>Since 1982, at Ekinsa we place all our experience and expertise in turnkey projects for all types of facilities, with customised proposals that encompass end-to-end service.<\/p>\n<ul>\n<li>Technical assessment<\/li>\n<li>Design, planning and presentation of the technical project<\/li>\n<li>Project implementation and commissioning.<\/li>\n<li>Onsite technical assistance in institutional acts and events<\/li>\n<li>Preventive, corrective and evolutive maintenance<\/li>\n<\/ul>\n<p>[\/vc_column_text][\/vc_column][\/vc_row][vc_row el_class=&#8221;que-hacemos&#8221; css=&#8221;.vc_custom_1407406180509{padding: 30px !important;background-color: #ededed !important;}&#8221; expanded=&#8221;1,2&#8243; background_style=&#8221;cover&#8221;][vc_column width=&#8221;1\/2&#8243;][vc_column_text]<\/p>\n<p style=\"text-align: center;\"><img decoding=\"async\" class=\"alignnone wp-image-3495 size-full\" src=\"http:\/\/www.ekinsa.com\/wp-content\/uploads\/2014\/05\/icon-audio.png\" alt=\"\" width=\"98\" height=\"98\" srcset=\"http:\/\/www.ekinsa.com\/wp-content\/uploads\/2014\/05\/icon-audio.png 98w, http:\/\/www.ekinsa.com\/wp-content\/uploads\/2014\/05\/icon-audio-75x75.png 75w\" sizes=\"(max-width: 98px) 100vw, 98px\" \/><\/p>\n<h3 style=\"text-align: center;\">Technology systems<\/h3>\n<h6 style=\"text-align: center;\">Audio, image and data<\/h6>\n<p>[\/vc_column_text][vc_gallery type=&#8221;image_grid&#8221; interval=&#8221;3&#8243; images=&#8221;3859,3866,3864,3861,3862,3863&#8243; onclick=&#8221;link_image&#8221; custom_links_target=&#8221;_self&#8221;][\/vc_column][vc_column width=&#8221;1\/2&#8243;][vc_column_text css_animation=&#8221;right-to-left&#8221;]La elecci\u00f3n de la mejor tecnolog\u00eda adaptada para cada tipo de necesidad y la ejecuci\u00f3n personalizada de cada proyecto, desde el dise\u00f1o hasta la puesta en marcha, son dos de los pilares b\u00e1sicos sobre los que desde Ekinsa creamos valor a\u00f1adido para nuestros clientes .<\/p>\n<p>Soluciones tecnol\u00f3gicas profesionales y adaptadas seg\u00fan las necesidades de cada cliente en los campos de :audio, v\u00eddeo , comunicaci\u00f3n interna , seguridad en edificios, herramientas de formaci\u00f3n , proyecci\u00f3n e informaci\u00f3n.[\/vc_column_text][vc_column_text css_animation=&#8221;right-to-left&#8221;]<\/p>\n<h2>Qu\u00e9\u00a0hacemos<\/h2>\n<ul>\n<li><strong>Megafon\u00eda de seguridad<\/strong>: Dispositivos anal\u00f3gicos o digitales integrados con los sistemas de informaci\u00f3n , m\u00fasica ambiental, emergencia y evacuaci\u00f3n de edificios.<\/li>\n<li><strong>Sonorizaci\u00f3n de salas<\/strong>: Creaci\u00f3n de sistemas integrados de audio para la optimizaci\u00f3n de salas de conferencias, pabellones y centros deportivos, colegios, universidades, etc.<\/li>\n<li><strong>Sistemas de proyecci\u00f3n<\/strong>: videoproyectores, retroproyectores, pantallas de plasma, videowall y pantallas de proyecci\u00f3n para salones de actos y salas de juntas.<\/li>\n<li><strong>Sistemas integrados de audio y v\u00eddeo<\/strong> para salones de actos<\/li>\n<\/ul>\n<p>[\/vc_column_text][\/vc_column][\/vc_row]<\/p>\n","protected":false},"excerpt":{"rendered":"<p>[vc_row][vc_column width=&#8221;1\/3&#8243;][vc_column_text css_animation=&#8221;left-to-right&#8221; el_class=&#8221;servicios-destacado&#8221;]Ekinsa offers the cutting-edge technological service and equipment that best adapts to your needs.[\/vc_column_text][vc_gallery type=&#8221;image_grid&#8221; interval=&#8221;3&#8243; images=&#8221;3857,3849,3860,3858&#8243; onclick=&#8221;link_image&#8221; custom_links_target=&#8221;_self&#8221;][\/vc_column][vc_column width=&#8221;2\/3&#8243;][vc_column_text css_animation=&#8221;right-to-left&#8221;]We also specialise in: Security PA systems Conference rooms Assembly halls Projection rooms Since 1982, at Ekinsa we place all our experience and expertise in turnkey projects for all types of facilities,&hellip;<\/p>\n","protected":false},"author":1,"featured_media":4645,"parent":4535,"menu_order":40,"comment_status":"closed","ping_status":"closed","template":"portfolio.php","meta":{"footnotes":""},"class_list":["post-4533","page","type-page","status-publish","has-post-thumbnail","hentry","clientes-madrid","clientes-biblioteca-nacional-de-espana","clientes-gitano","clientes-hotel-kempisky","clientes-idesalud-hospital-de-talavera","clientes-idesie-business-school","clientes-ie-business-school","clientes-instituto-cervantes","clientes-instituto-nacional-de-tecnica-aeroespacial","clientes-madrid-emprende","clientes-ministerio-de-fomento","clientes-museo-del-traje","clientes-museo-nacional-de-escultura","clientes-proa-capital","clientes-universidad-complutense-madrid","clientes-universidad-francisco-de-vitoria-madrid","clientes-villaroel-hunter"],"yoast_head":"<!-- This site is optimized with the Yoast SEO plugin v25.3 - https:\/\/yoast.com\/wordpress\/plugins\/seo\/ -->\n<title>Technology systems - Ekinsa<\/title>\n<meta name=\"description\" content=\"Ekinsa offers the cutting-edge technological service and equipment that best adapts to your needs.We also specialise in: Security PA systems Conference\" \/>\n<meta name=\"robots\" content=\"index, follow, max-snippet:-1, max-image-preview:large, max-video-preview:-1\" \/>\n<link rel=\"canonical\" href=\"http:\/\/www.ekinsa.com\/en\/business-areas\/technology-systems\/\" \/>\n<meta property=\"og:locale\" content=\"en_US\" \/>\n<meta property=\"og:type\" content=\"article\" \/>\n<meta property=\"og:title\" content=\"Technology systems - Ekinsa\" \/>\n<meta property=\"og:description\" content=\"Ekinsa offers the cutting-edge technological service and equipment that best adapts to your needs.We also specialise in: Security PA systems Conference\" \/>\n<meta property=\"og:url\" content=\"http:\/\/www.ekinsa.com\/en\/business-areas\/technology-systems\/\" \/>\n<meta property=\"og:site_name\" content=\"Ekinsa\" \/>\n<meta property=\"article:modified_time\" content=\"2014-12-04T16:37:11+00:00\" \/>\n<meta property=\"og:image\" content=\"http:\/\/www.ekinsa.com\/wp-content\/uploads\/2014\/08\/cabecera_audio.jpg\" \/>\n\t<meta property=\"og:image:width\" content=\"1900\" \/>\n\t<meta property=\"og:image:height\" content=\"300\" \/>\n\t<meta property=\"og:image:type\" content=\"image\/jpeg\" \/>\n<meta name=\"twitter:label1\" content=\"Est. reading time\" \/>\n\t<meta name=\"twitter:data1\" content=\"2 minutes\" \/>\n<script type=\"application\/ld+json\" class=\"yoast-schema-graph\">{\"@context\":\"https:\/\/schema.org\",\"@graph\":[{\"@type\":\"WebPage\",\"@id\":\"http:\/\/www.ekinsa.com\/en\/business-areas\/technology-systems\/\",\"url\":\"http:\/\/www.ekinsa.com\/en\/business-areas\/technology-systems\/\",\"name\":\"Technology systems - Ekinsa\",\"isPartOf\":{\"@id\":\"https:\/\/www.ekinsa.com\/en\/#website\"},\"primaryImageOfPage\":{\"@id\":\"http:\/\/www.ekinsa.com\/en\/business-areas\/technology-systems\/#primaryimage\"},\"image\":{\"@id\":\"http:\/\/www.ekinsa.com\/en\/business-areas\/technology-systems\/#primaryimage\"},\"thumbnailUrl\":\"http:\/\/www.ekinsa.com\/wp-content\/uploads\/2014\/08\/cabecera_audio.jpg\",\"datePublished\":\"2014-08-07T12:34:29+00:00\",\"dateModified\":\"2014-12-04T16:37:11+00:00\",\"description\":\"Ekinsa offers the cutting-edge technological service and equipment that best adapts to your needs.We also specialise in: Security PA systems Conference\",\"breadcrumb\":{\"@id\":\"http:\/\/www.ekinsa.com\/en\/business-areas\/technology-systems\/#breadcrumb\"},\"inLanguage\":\"en-US\",\"potentialAction\":[{\"@type\":\"ReadAction\",\"target\":[\"http:\/\/www.ekinsa.com\/en\/business-areas\/technology-systems\/\"]}]},{\"@type\":\"ImageObject\",\"inLanguage\":\"en-US\",\"@id\":\"http:\/\/www.ekinsa.com\/en\/business-areas\/technology-systems\/#primaryimage\",\"url\":\"http:\/\/www.ekinsa.com\/wp-content\/uploads\/2014\/08\/cabecera_audio.jpg\",\"contentUrl\":\"http:\/\/www.ekinsa.com\/wp-content\/uploads\/2014\/08\/cabecera_audio.jpg\",\"width\":1900,\"height\":300},{\"@type\":\"BreadcrumbList\",\"@id\":\"http:\/\/www.ekinsa.com\/en\/business-areas\/technology-systems\/#breadcrumb\",\"itemListElement\":[{\"@type\":\"ListItem\",\"position\":1,\"name\":\"Portada\",\"item\":\"https:\/\/www.ekinsa.com\/en\/\"},{\"@type\":\"ListItem\",\"position\":2,\"name\":\"Business areas\",\"item\":\"https:\/\/www.ekinsa.com\/en\/business-areas\/\"},{\"@type\":\"ListItem\",\"position\":3,\"name\":\"Technology systems\"}]},{\"@type\":\"WebSite\",\"@id\":\"https:\/\/www.ekinsa.com\/en\/#website\",\"url\":\"https:\/\/www.ekinsa.com\/en\/\",\"name\":\"Ekinsa\",\"description\":\"Institutional equipment for your business\",\"potentialAction\":[{\"@type\":\"SearchAction\",\"target\":{\"@type\":\"EntryPoint\",\"urlTemplate\":\"https:\/\/www.ekinsa.com\/en\/?s={search_term_string}\"},\"query-input\":{\"@type\":\"PropertyValueSpecification\",\"valueRequired\":true,\"valueName\":\"search_term_string\"}}],\"inLanguage\":\"en-US\"}]}<\/script>\n<!-- \/ Yoast SEO plugin. -->","yoast_head_json":{"title":"Technology systems - Ekinsa","description":"Ekinsa offers the cutting-edge technological service and equipment that best adapts to your needs.We also specialise in: Security PA systems Conference","robots":{"index":"index","follow":"follow","max-snippet":"max-snippet:-1","max-image-preview":"max-image-preview:large","max-video-preview":"max-video-preview:-1"},"canonical":"http:\/\/www.ekinsa.com\/en\/business-areas\/technology-systems\/","og_locale":"en_US","og_type":"article","og_title":"Technology systems - Ekinsa","og_description":"Ekinsa offers the cutting-edge technological service and equipment that best adapts to your needs.We also specialise in: Security PA systems Conference","og_url":"http:\/\/www.ekinsa.com\/en\/business-areas\/technology-systems\/","og_site_name":"Ekinsa","article_modified_time":"2014-12-04T16:37:11+00:00","og_image":[{"width":1900,"height":300,"url":"http:\/\/www.ekinsa.com\/wp-content\/uploads\/2014\/08\/cabecera_audio.jpg","type":"image\/jpeg"}],"twitter_misc":{"Est. reading time":"2 minutes"},"schema":{"@context":"https:\/\/schema.org","@graph":[{"@type":"WebPage","@id":"http:\/\/www.ekinsa.com\/en\/business-areas\/technology-systems\/","url":"http:\/\/www.ekinsa.com\/en\/business-areas\/technology-systems\/","name":"Technology systems - Ekinsa","isPartOf":{"@id":"https:\/\/www.ekinsa.com\/en\/#website"},"primaryImageOfPage":{"@id":"http:\/\/www.ekinsa.com\/en\/business-areas\/technology-systems\/#primaryimage"},"image":{"@id":"http:\/\/www.ekinsa.com\/en\/business-areas\/technology-systems\/#primaryimage"},"thumbnailUrl":"http:\/\/www.ekinsa.com\/wp-content\/uploads\/2014\/08\/cabecera_audio.jpg","datePublished":"2014-08-07T12:34:29+00:00","dateModified":"2014-12-04T16:37:11+00:00","description":"Ekinsa offers the cutting-edge technological service and equipment that best adapts to your needs.We also specialise in: Security PA systems Conference","breadcrumb":{"@id":"http:\/\/www.ekinsa.com\/en\/business-areas\/technology-systems\/#breadcrumb"},"inLanguage":"en-US","potentialAction":[{"@type":"ReadAction","target":["http:\/\/www.ekinsa.com\/en\/business-areas\/technology-systems\/"]}]},{"@type":"ImageObject","inLanguage":"en-US","@id":"http:\/\/www.ekinsa.com\/en\/business-areas\/technology-systems\/#primaryimage","url":"http:\/\/www.ekinsa.com\/wp-content\/uploads\/2014\/08\/cabecera_audio.jpg","contentUrl":"http:\/\/www.ekinsa.com\/wp-content\/uploads\/2014\/08\/cabecera_audio.jpg","width":1900,"height":300},{"@type":"BreadcrumbList","@id":"http:\/\/www.ekinsa.com\/en\/business-areas\/technology-systems\/#breadcrumb","itemListElement":[{"@type":"ListItem","position":1,"name":"Portada","item":"https:\/\/www.ekinsa.com\/en\/"},{"@type":"ListItem","position":2,"name":"Business areas","item":"https:\/\/www.ekinsa.com\/en\/business-areas\/"},{"@type":"ListItem","position":3,"name":"Technology systems"}]},{"@type":"WebSite","@id":"https:\/\/www.ekinsa.com\/en\/#website","url":"https:\/\/www.ekinsa.com\/en\/","name":"Ekinsa","description":"Institutional equipment for your business","potentialAction":[{"@type":"SearchAction","target":{"@type":"EntryPoint","urlTemplate":"https:\/\/www.ekinsa.com\/en\/?s={search_term_string}"},"query-input":{"@type":"PropertyValueSpecification","valueRequired":true,"valueName":"search_term_string"}}],"inLanguage":"en-US"}]}},"_links":{"self":[{"href":"http:\/\/www.ekinsa.com\/en\/wp-json\/wp\/v2\/pages\/4533","targetHints":{"allow":["GET"]}}],"collection":[{"href":"http:\/\/www.ekinsa.com\/en\/wp-json\/wp\/v2\/pages"}],"about":[{"href":"http:\/\/www.ekinsa.com\/en\/wp-json\/wp\/v2\/types\/page"}],"author":[{"embeddable":true,"href":"http:\/\/www.ekinsa.com\/en\/wp-json\/wp\/v2\/users\/1"}],"replies":[{"embeddable":true,"href":"http:\/\/www.ekinsa.com\/en\/wp-json\/wp\/v2\/comments?post=4533"}],"version-history":[{"count":1,"href":"http:\/\/www.ekinsa.com\/en\/wp-json\/wp\/v2\/pages\/4533\/revisions"}],"predecessor-version":[{"id":5036,"href":"http:\/\/www.ekinsa.com\/en\/wp-json\/wp\/v2\/pages\/4533\/revisions\/5036"}],"up":[{"embeddable":true,"href":"http:\/\/www.ekinsa.com\/en\/wp-json\/wp\/v2\/pages\/4535"}],"wp:featuredmedia":[{"embeddable":true,"href":"http:\/\/www.ekinsa.com\/en\/wp-json\/wp\/v2\/media\/4645"}],"wp:attachment":[{"href":"http:\/\/www.ekinsa.com\/en\/wp-json\/wp\/v2\/media?parent=4533"}],"curies":[{"name":"wp","href":"https:\/\/api.w.org\/{rel}","templated":true}]}}